{"id":1431,"date":"2011-12-12T20:59:42","date_gmt":"2011-12-13T04:59:42","guid":{"rendered":"http:\/\/mautam.vchoir.org\/weeklysongs\/?page_id=1431"},"modified":"2011-12-12T21:26:53","modified_gmt":"2011-12-13T05:26:53","slug":"d%e1%bb%8ba-ch%e1%bb%89-cac-nh%e1%ba%a1c-si-thanh-ca","status":"publish","type":"page","link":"https:\/\/home.mautam.org\/weeklysongs\/d%e1%bb%8ba-ch%e1%bb%89-cac-nh%e1%ba%a1c-si-thanh-ca","title":{"rendered":"\u0110\u1ecba Ch\u1ec9 C\u00e1c Nh\u1ea1c S\u0129 Th\u00e1nh Ca"},"content":{"rendered":"<h4>\u0110\u1ecaA CH\u1ec8 C\u00c1C NH\u1ea0C S\u0128 TH\u00c1NH CA<br \/>\nL\u00e2u nay, th\u1ec9nh tho\u1ea3ng v\u1eabn c\u00f3 ng\u01b0\u1eddi n\u00e0y ng\u01b0\u1eddi n\u1ecd h\u1ecfi xin Nh\u00f3m \u0111\u1ecba ch\u1ec9 c\u1ee7a c\u00e1c Nh\u1ea1c S\u0129 th\u00e1nh ca, ho\u1eb7c \u0111\u1ec3 xin b\u00e0i, xin ph\u00e9p in \u1ea5n, ho\u1eb7c \u0111\u1ec3 xin h\u01b0\u1edbng d\u1eabn, gi\u00fap \u00fd ki\u1ebfn, ho\u1eb7c \u0111\u1ec3 c\u00e1m \u01a1n, khen ng\u1ee3i, t\u1eb7ng qu\u00e0, bi\u1ebfu s\u00e1ch&#8230; Thi\u1ebft ngh\u0129 vi\u1ec7c post \u0111\u1ecba ch\u1ec9 c\u1ee7a c\u00e1c Nh\u1ea1c S\u0129 th\u00e1nh ca s\u1ebd \u0111em l\u1ea1i s\u1ef1 ti\u1ec7n l\u1ee3i h\u01a1n l\u00e0 s\u1ef1 phi\u1ec1n to\u00e1\u00ed<\/h4>\n<p>.<br \/>\nNs. Thanh Thi\u00ean Giang<br \/>\n111 Kitchener St.<br \/>\nBroadmeadows VIC 3047<br \/>\nAustralia<br \/>\nPhone: (03)93098510<br \/>\nEmail: <a href=\"mailto:ttg111@hotmail.com\">ttg111@hotmail.com<\/a><\/p>\n<p>.<br \/>\nNs. Ph\u1ea1m \u0110\u1ee9c Huy\u1ebfn<br \/>\n3639 Clayton Trace Trail, Houston, TX 77082<br \/>\nTel. 281.759-6138<br \/>\nEmail: <a href=\"mailto:josephhuyen@yahoo.com\">josephhuyen@yahoo.com<\/a><br \/>\nWebsite: <a href=\"http:\/\/www.phamduchuyen.com\" target=\"_blank\">www.phamduchuyen.com<\/a><\/p>\n<p>.<br \/>\nLm. Ns. Mi Tr\u1ea7m (Mai Vi\u1ebft T\u00ednh)<br \/>\nQua T\u1ed5ng Gi\u00e1m M\u1ee5c Nha Trang<br \/>\n22 \u0110\u01b0\u1eddng Tr\u1ea7n Ph\u00fa<br \/>\nTh\u00e0nh Ph\u1ed1 Nha Trang<br \/>\n\u0110T: 84.58.822842<br \/>\n84.58.816871<br \/>\nEmail: <a href=\"mailto:maitinh@dng.vnn.vn\">maitinh@dng.vnn.vn<\/a><\/p>\n<p>.<br \/>\nNs. Ng\u1ecdc Linh<br \/>\n1130C \u1ea4p 4 F-Tam Ph\u00fa Th\u1ee7 \u0110\u1ee9c<br \/>\n\u0110T: 84.88.871676<br \/>\nEmail: <a href=\"mailto:dinhminhthe@cenet.vnnews.com\">dinhminhthe@cenet.vnnews.com<\/a><\/p>\n<p>.<br \/>\nLm. Ns. Ph\u1ea1m Quang (Lm. Ph\u1ea1m Quang S\u00e1ng)<br \/>\n90 Ng.Th\u00e1i S\u01a1n F-3 Q-G\u00f2 V\u1ea5p<br \/>\n\u0110T: 84.88.940477<\/p>\n<p>.<br \/>\nLm. Ns. Kim Long<br \/>\n7\/3A CMT8 F-5 Q-T\u00e2n B\u00ecnh<br \/>\n\u0110T: 8.8452115<br \/>\nEmail: <a href=\"mailto:kimlong12@saigonnet.vnn\">kimlong12@saigonnet.vnn<\/a><\/p>\n<p>.<br \/>\nLm. Ns. \u0110\u1ed7 Xu\u00e2n Qu\u1ebf<br \/>\nTr\u01b0\u1edfng Ban Th\u00e1nh Nh\u1ea1c S\u00e0i G\u00f2n<br \/>\n44 T\u00fa X\u01b0\u01a1ng F-7 Q-3<\/p>\n<p>.<br \/>\nNs. Phanxic\u00f4 (Nguy\u1ec5n \u0110\u00ecnh Di\u1ec5n)<br \/>\n2\/8 \u0110u\u1eddng 26\/3, F.16<br \/>\nG\u00f2 V\u1ea5p &#8211; HCM<br \/>\nVi\u1ec7t Nam<br \/>\nEmail: <a href=\"mailto:dienpxc@hotmail.com\">dienpxc@hotmail.com<\/a><\/p>\n<p>.<br \/>\nLm. Ns. V\u0169 H\u00f9ng T\u00f4n<br \/>\nEmail: <a href=\"mailto:avhton@yahoo.com\">avhton@yahoo.com<\/a><\/p>\n<p>.<br \/>\nLm. Ns. V\u0103n Chi<br \/>\nVietnamese Catholic Pastoral Center<br \/>\n92 The River Rd<br \/>\nRevesby NSW 2212<br \/>\nAustralia<br \/>\nEmail: <a href=\"mailto:vanchi@paulvanchi.net\">vanchi@paulvanchi.net<\/a><br \/>\nWebsite: <a href=\"http:\/\/www.paulvanchi.net\" target=\"_blank\">www.paulvanchi.net<\/a><\/p>\n<p>.<br \/>\nLm. Ns. Ph\u01b0\u01a1ng Anh<br \/>\nCongregation of St. John the Baptist<br \/>\n161 Szeping Road 40658<br \/>\nTaichung, Taiwan R.O.C.<\/p>\n<p>.<br \/>\nLm Ns. Ti\u1ebfn D\u0169ng<br \/>\nNh\u00e0 H\u01b0u D\u01b0\u1ee1ng Tr\u1ee5 S\u1edf H\u00e0 N\u1ed9i<br \/>\nC\/O Nh\u00e0 Th\u1edd Ng\u00e3 S\u00e1u<br \/>\n116A \u0110\u01b0\u1eddng H\u00f9ng V\u01b0\u01a1ng<br \/>\nQu\u1eadn 5 TPHCM<br \/>\n\u0110T: 848-857-0400<\/p>\n<p>.<br \/>\nLm. Ns. Dao Kim<br \/>\nEmail: <a href=\"mailto:daokim2000@aol.com\">daokim2000@aol.com<\/a><\/p>\n<p>.<br \/>\nLm. Ns. Nguy\u1ec5n V\u0103n Tuy\u00ean<br \/>\nSt.Callistus Church<br \/>\n12921 Lewis St.<br \/>\nGarden Grove, Ca 92840<br \/>\nUSA<br \/>\nEmail: <a href=\"mailto:lmtuyen@dangchuatinhcon.com\">lmtuyen@dangchuatinhcon.com<\/a><br \/>\nWebsite: <a href=\"http:\/\/www.dangchuatinhcon.com\" target=\"_blank\">www.dangchuatinhcon.com<\/a><\/p>\n<p>.<br \/>\nLm. Ns. \u00c2n \u0110\u1ee9c<br \/>\n140\/10 Tr\u1ea7n Ph\u00fa, F.5<br \/>\nB\u00e3i D\u00e2u &#8211; V\u0169ng T\u00e0u<br \/>\nVi\u1ec7t Nam<\/p>\n<p>.<br \/>\nNs. \u00c1nh \u0110\u0103ng<br \/>\nTGM Qui Nh\u01a1n, 116 Tr\u1ea7n H\u01b0ng \u0110\u1ea1o<br \/>\nQui Nh\u01a1n &#8211; BD<br \/>\nVi\u1ec7t Nam<br \/>\nEmail: <a href=\"mailto:dangconga@yahoo.com\">dangconga@yahoo.com<\/a><\/p>\n<p>.<br \/>\nNs. Anh Tu\u1ea5n<br \/>\n286 Tr\u1ea7n Huy Li\u1ec5u, F.9<br \/>\nQ. Ph\u00fa Nhu\u1eadn, HCM<br \/>\nVi\u1ec7t Nam<br \/>\n\u0110T: 08.8458728<\/p>\n<p>.<br \/>\nNs. \u0110\u1ed7 Vy H\u1ea1<br \/>\n2717 Oak Trail<br \/>\nCarrollton, TX 75007<br \/>\nUSA<br \/>\n(972) 416-6418 (H)<br \/>\n(214) 636-6575 (W)<br \/>\nEmail: <a href=\"mailto:dovyha@yahoo.com\">dovyha@yahoo.com<\/a><br \/>\nWebsite: <a href=\"http:\/\/www.dovyha.catruong.com\" target=\"_blank\">www.dovyha.catruong.com<\/a><\/p>\n<p>.<br \/>\nNs. Duy T\u00e2n<br \/>\n83\/1 Ng. V\u0103n L\u1ea1c, F.19<br \/>\nB\u00ecnh Th\u1ea1nh &#8211; HCM<br \/>\nVi\u1ec7t Nam<br \/>\n\u0110T: 08.8991591<\/p>\n<p>.<br \/>\nLm. Ns. Duy Thi\u00ean<br \/>\n9 Nguy\u1ec5n Hu\u1ec7 A, Ht. 17<br \/>\nTx. Long Xuy\u00ean, AG<br \/>\nVi\u1ec7t Nam<br \/>\n\u0110T: 077.834205<\/p>\n<p>.<br \/>\nNs. H\u1ea3i Tri\u1ec1u<br \/>\n189\/46\/2 bis CMT8, F7<br \/>\nT\u00e2n B\u00ecnh &#8211; HCM<br \/>\nVi\u1ec7t Nam<br \/>\n\u0110T: 08.8647922<\/p>\n<p>.<br \/>\nLm. Ns. Ho\u00e0i \u0110\u1ee9c<br \/>\n491\/74A L\u00ea V\u0103n S\u1ef9, F.12<br \/>\nQ3, HCM<br \/>\nVi\u1ec7t Nam<\/p>\n<p>.<br \/>\nNs. H\u1ed3ng Tr\u1ea7n &#8211; Ph\u1ea1m \u0110\u00ecnh \u0110\u00e0i<br \/>\n7391 Main Street<br \/>\nWestminster, CA 92683<br \/>\nUSA<br \/>\n\u0110T: 714-224-2844<br \/>\nEmail: <a href=\"mailto:hongtranpdd@yahoo.com\">hongtranpdd@yahoo.com<\/a><\/p>\n<p>.<br \/>\nNs. Ng\u1ecdc K\u00f4n<br \/>\n383 A\/5 \u1ea4p B\u00ecnh Tri\u1ec7u, Hi\u1ec7p B\u00ecnh Ch\u00e1nh<br \/>\nTh\u1ee7 \u0110\u1ee9c &#8211; HCM<br \/>\nVi\u1ec7t Nam<\/p>\n<p>.<br \/>\nLm. Ns. Nguy\u1ec5n Duy<br \/>\n595\/11 A XVNT, F.26<br \/>\nB\u00ecnh Th\u1ea1nh &#8211; HCM<br \/>\nVi\u1ec7t Nam<br \/>\n\u0110T: 08.8992329<\/p>\n<p>.<br \/>\nLm. Ns. Nguy\u1ec5n V\u0103n Trinh<br \/>\n158 b\u1ebfn V\u0103n \u0110\u00f4n, F.6<br \/>\nQ.4, HCM<br \/>\nVi\u1ec7t Nam<br \/>\n\u0110T: 08.9400.768<\/p>\n<p>.<br \/>\nNs. P. Kim<br \/>\n61\/15 Ng.B. Khi\u00eam<br \/>\nQ1, HCM<br \/>\nVi\u1ec7t Nam<br \/>\n\u0110T: 08.8203101<\/p>\n<p>.<br \/>\nLm. Ns. Ph\u1ea1m Li\u00ean H\u00f9ng<br \/>\nGx. B\u00f9i \u0110\u1ee9c, Kp3, Tam H\u00f2a<br \/>\nBi\u00ean H\u00f2a &#8211; \u0110\u1ed3ng Nai<br \/>\nVi\u1ec7t Nam<br \/>\n\u0110T: 061.825706<\/p>\n<p>.<br \/>\nLm. Ns. Quang Uy<br \/>\n38 K\u1ef3 \u0110\u1ed3ng, F.9<br \/>\nQ3, TP. HCM<br \/>\nVi\u1ec7t Nam<\/p>\n<p>.<br \/>\nLm. Ns. Ho\u00e0ng \u0110\u1ee9c (Nguy\u1ec5n \u0110\u1ee9c M\u1ea7u)<br \/>\nEmail: <a href=\"mailto:petermaunguyen@aol.com\">petermaunguyen@aol.com<\/a><\/p>\n<p>.<br \/>\nLm. Ns. Th\u00e0nh T\u00e2m<br \/>\n38 K\u1ef3 \u0110\u1ed3ng, F.9<br \/>\nQ3, HCM<br \/>\nVi\u1ec7t Nam<br \/>\n\u0110T: 08.8435691<\/p>\n<p>.<br \/>\nNs. Th\u1ebf Th\u00f4ng<br \/>\n17\/2 Gia Y\u00ean &#8211; Gia T\u00e2n 3<br \/>\nTh\u1ed1ng Nh\u1ea5t &#8211; \u0110\u1ed3ng Nai &#8211; Xu\u00e2n L\u1ed9c<br \/>\nVi\u1ec7t Nam<br \/>\n\u0110T: 061.867066<br \/>\nEmail: <a href=\"mailto:petalthethong@hcm.vnn.vn\">petalthethong@hcm.vnn.vn<\/a> \/ <a href=\"mailto:petalthethong@gmail.com\">petalthethong@gmail.com<\/a><\/p>\n<p>.<br \/>\nLm. Ns. Thi\u1ec7n C\u1ea9m<br \/>\n44 T\u00fa X\u01b0\u01a1ng F.7<br \/>\nQ3, HCM<br \/>\nVi\u1ec7t Nam<\/p>\n<p>.<br \/>\nNs. Thy Y\u00ean<br \/>\n24 K\u1ef3 \u0110\u1ed3ng &#8211; F.9<br \/>\nQ3, HCM<br \/>\nVi\u1ec7t Nam<br \/>\n\u0110T: 08.9311038<br \/>\nEmail: <a href=\"mailto:huuthien2001@hcm.vnn.vn\">huuthien2001@hcm.vnn.vn<\/a><\/p>\n<p>.<br \/>\nLm. Ns. Ti\u1ebfn L\u1ed9c<br \/>\n146\/14 V\u00f5 Th\u1ecb S\u00e1u, F.8<br \/>\nQ3, HCM<br \/>\nVi\u1ec7t Nam<\/p>\n<p>.<br \/>\nSr. Ns. Tr\u1ea7m H\u01b0\u01a1ng<br \/>\n94 B\u00e0nh V\u00e2n Tr\u1ea7n, F.7<br \/>\nT\u00e2n B\u00ecnh &#8211; HCM<br \/>\nVi\u1ec7t Nam<br \/>\n\u0110T: 08.8640000<\/p>\n<p>.<br \/>\nLm. Ns. Tri V\u0103n Vinh<br \/>\nNh\u00e0 Th\u1edd Nam H\u1ea3i &#8211; \u0110\u1ea1i H\u1ea3i<br \/>\nK\u00ea S\u00e1ch &#8211; S\u00f3c Tr\u0103ng<br \/>\nVi\u1ec7t Nam<br \/>\n\u0110T: 079.879006<\/p>\n<p>.<br \/>\nLm. Ns. T\u1eeb Duy\u00ean<br \/>\nNh\u00e0 Th\u1edd T\u00fac Trung &#8211; Ph\u00fa T\u00fac<br \/>\nDinh Qu\u00e1n &#8211; \u0110\u1ed3ng Nai &#8211; Xu\u00e2n L\u1ed9c<br \/>\nVi\u1ec7t Nam<br \/>\n\u0110T: 061.854098<\/p>\n<p>.<br \/>\nNs. V\u0169 \u0110\u00ecnh \u00c2n<br \/>\n373\/82 CMT8, F.13<br \/>\nT\u00e2n B\u00ecnh &#8211; HCM<br \/>\nVi\u1ec7t Nam<br \/>\n\u0110T: 08.8490608\/0903614816<br \/>\nEmail: <a href=\"mailto:hientran@az.com.vn\">hientran@az.com.vn<\/a><\/p>\n<p>.<br \/>\nLm. Ns. Xu\u00e2n Th\u1ea3o<br \/>\n03 Mai Th\u1ecb L\u1ef1u<br \/>\nQ1, HCM<br \/>\nVi\u1ec7t Nam<br \/>\n\u0110T: 08.8222294<br \/>\nEmail: <a href=\"mailto:xuancao@hcmc.netnam.vn\">xuancao@hcmc.netnam.vn<\/a><\/p>\n<p>.<br \/>\nLm. Ns. Nguy\u1ec5n H\u00f9ng C\u01b0\u1eddng<br \/>\n745 West Adams Blvd<br \/>\nLos Angeles CA 90007<br \/>\nUSA<br \/>\nEmail: <a href=\"mailto:cuonguyen@hotmail.com\">cuonguyen@hotmail.com<\/a> \/ <a href=\"mailto:cnguyen@maryknoll.org\">cnguyen@maryknoll.org<\/a><br \/>\nWebsite: <a href=\"http:\/\/www.thanhcamoi.com\" target=\"_blank\">www.thanhcamoi.com<\/a><\/p>\n<p>.<br \/>\nLm. Ns. Nguy\u1ec5n M\u1ed9ng Hu\u1ef3nh<br \/>\nPO Box 47<br \/>\nBAYSWATER WA 6933<br \/>\nAustralia<br \/>\n\u0110T: 08. 9271 1414<br \/>\nEmail: <a href=\"mailto:stcolpar@bigpond.net.au\">stcolpar@bigpond.net.au<\/a><br \/>\nWebsite: <a href=\"http:\/\/www.thanhcamoi.com\" target=\"_blank\">www.thanhcamoi.com<\/a><\/p>\n<p>.<br \/>\nNh\u1ea1c S\u0129 Ti\u1ebfn Linh<br \/>\n<a href=\"mailto:antontienlinh@yahoo.com\">antontienlinh@yahoo.com<\/a><br \/>\n\u0110\u1ecba ch\u1ec9 Ns. PM. CAO HUY HO\u00c0NG<br \/>\nBox 05 &#8211; H\u00e0m Thu\u1eadn Nam &#8211; B\u00ecnh Thu\u1eadn &#8211; VietNam<br \/>\nphone: 84-62-869023<br \/>\nemail: <a href=\"mailto:dung.doremi@gmail.com\">dung.doremi@gmail.com<\/a><\/p>\n<!--themify_builder_content-->\n<div id=\"themify_builder_content-1431\" data-postid=\"1431\" class=\"themify_builder_content themify_builder_content-1431 themify_builder tf_clear\">\n    <\/div>\n<!--\/themify_builder_content-->\n","protected":false},"excerpt":{"rendered":"<p>\u0110\u1ecaA CH\u1ec8 C\u00c1C NH\u1ea0C S\u0128 TH\u00c1NH CA L\u00e2u nay, th\u1ec9nh tho\u1ea3ng v\u1eabn c\u00f3 ng\u01b0\u1eddi n\u00e0y ng\u01b0\u1eddi n\u1ecd h\u1ecfi xin Nh\u00f3m \u0111\u1ecba ch\u1ec9 c\u1ee7a c\u00e1c Nh\u1ea1c S\u0129 th\u00e1nh ca, ho\u1eb7c \u0111\u1ec3 xin b\u00e0i, xin ph\u00e9p in \u1ea5n, ho\u1eb7c \u0111\u1ec3 xin h\u01b0\u1edbng d\u1eabn, gi\u00fap \u00fd ki\u1ebfn, ho\u1eb7c \u0111\u1ec3 c\u00e1m \u01a1n, khen ng\u1ee3i, t\u1eb7ng qu\u00e0, bi\u1ebfu s\u00e1ch&#8230; Thi\u1ebft [&hellip;]<\/p>\n","protected":false},"author":1,"featured_media":0,"parent":0,"menu_order":22,"comment_status":"closed","ping_status":"closed","template":"","meta":{"footnotes":""},"builder_content":"","_links":{"self":[{"href":"https:\/\/home.mautam.org\/weeklysongs\/wp-json\/wp\/v2\/pages\/1431"}],"collection":[{"href":"https:\/\/home.mautam.org\/weeklysongs\/wp-json\/wp\/v2\/pages"}],"about":[{"href":"https:\/\/home.mautam.org\/weeklysongs\/wp-json\/wp\/v2\/types\/page"}],"author":[{"embeddable":true,"href":"https:\/\/home.mautam.org\/weeklysongs\/wp-json\/wp\/v2\/users\/1"}],"replies":[{"embeddable":true,"href":"https:\/\/home.mautam.org\/weeklysongs\/wp-json\/wp\/v2\/comments?post=1431"}],"version-history":[{"count":7,"href":"https:\/\/home.mautam.org\/weeklysongs\/wp-json\/wp\/v2\/pages\/1431\/revisions"}],"predecessor-version":[{"id":1433,"href":"https:\/\/home.mautam.org\/weeklysongs\/wp-json\/wp\/v2\/pages\/1431\/revisions\/1433"}],"wp:attachment":[{"href":"https:\/\/home.mautam.org\/weeklysongs\/wp-json\/wp\/v2\/media?parent=1431"}],"curies":[{"name":"wp","href":"https:\/\/api.w.org\/{rel}","templated":true}]}}